{"id":600,"date":"2021-07-25T17:27:55","date_gmt":"2021-07-25T16:27:55","guid":{"rendered":"https:\/\/ashb.pagedev.eu\/?page_id=600"},"modified":"2024-08-27T11:43:52","modified_gmt":"2024-08-27T10:43:52","slug":"apie-mus-ashbourne-dental-medical","status":"publish","type":"page","link":"https:\/\/ashbournemedical.ie\/lt\/apie-mus-ashbourne-dental-medical\/","title":{"rendered":"Apie mus"},"content":{"rendered":"\t\t<div data-elementor-type=\"wp-page\" data-elementor-id=\"600\" class=\"elementor elementor-600 elementor-19\" data-elementor-post-type=\"page\">\n\t\t\t\t<div class=\"elementor-element elementor-element-6930f02 e-flex e-con-boxed e-con e-parent\" data-id=\"6930f02\" data-element_type=\"container\" data-e-type=\"container\" data-settings=\"{&quot;background_background&quot;:&quot;gradient&quot;}\">\n\t\t\t\t\t<div class=\"e-con-inner\">\n\t\t\t\t<div class=\"elementor-element elementor-element-96282cb elementor-widget elementor-widget-heading\" data-id=\"96282cb\" data-element_type=\"widget\" data-e-type=\"widget\" data-widget_type=\"heading.default\">\n\t\t\t\t<div class=\"elementor-widget-container\">\n\t\t\t\t\t<h2 class=\"elementor-heading-title elementor-size-default\">Apie Mus<\/h2>\t\t\t\t<\/div>\n\t\t\t\t<\/div>\n\t\t\t\t\t<\/div>\n\t\t\t\t<\/div>\n\t\t<div class=\"elementor-element elementor-element-e6e6cc6 e-flex e-con-boxed e-con e-parent\" data-id=\"e6e6cc6\" data-element_type=\"container\" data-e-type=\"container\">\n\t\t\t\t\t<div class=\"e-con-inner\">\n\t\t\t\t<div class=\"elementor-element elementor-element-4549a7c elementor-widget elementor-widget-text-editor\" data-id=\"4549a7c\" data-element_type=\"widget\" data-e-type=\"widget\" data-widget_type=\"text-editor.default\">\n\t\t\t\t<div class=\"elementor-widget-container\">\n\t\t\t\t\t\t\t\t\t<div class=\"wpb_text_column wpb_content_element m-b-30\"><div class=\"wpb_wrapper\"><p><em><strong>Ashbourne Dental &amp; Medical\u00a0<\/strong><\/em><\/p><p>\u2013 tai profesionalios ir kokybi\u0161kos odontologin\u0117s paslaugos.<\/p><p>Itin kvalifikuoti odontologai, platus odontologijos paslaug\u0173 spektras ir pa\u017eang\u016bs gydymo metodai \u2013 \u0161tai klinikos\u00a0<em><strong>Ashbourne Dental &amp; Medical<\/strong><\/em>\u00a0vizitin\u0117 kortel\u0117.<\/p><p>Mums r\u016bpi kiekvienas klinikos duris prav\u0117r\u0119s pacientas. Profesional\u016bs, didel\u012f \u017eini\u0173 baga\u017e\u0105 sukaup\u0119 ir nuolat profesinius geb\u0117jimus tobulinantys\u00a0<em><strong>Ashbourne Dental &amp;Medical<\/strong><\/em>\u00a0odontologijos ir burnos higienos specialistai kruop\u0161\u010diai \u012fvertins individual\u0173 J\u016bs\u0173 atvej\u012f ir paskirs konkre\u010diai Jums geriausiai tinkam\u0105 gydym\u0105, patars bet kuriuo atveju, kad ir kas nutikt\u0173 \u2013 ar skauda dant\u012f, ar j\u012f praradote, pakito spalva ar d\u0117l kit\u0173 prie\u017eas\u010di\u0173 negalite \u0161ypsotis.<\/p><p>Pamir\u0161kite tuos laikus, kai vizitas pas odontolog\u0105 k\u0117l\u0117 nerim\u0105.<br \/>Tapkite vienu i\u0161 m\u016bs\u0173 pacient\u0173!<\/p><p>Modernioje ir jaukioje\u00a0<em><strong>Ashbourne Dental &amp; Medical<\/strong><\/em>\u00a0klinikoje taikomos \u0161iuolaikin\u0117s odontologijos technologijos ir gydymo metodai. Mes savo pacientais nuo\u0161ird\u017eiai r\u016bpinam\u0117s nuo pirmojo vizito iki pat gydymo pabaigos, siekiame geriausio galutinio rezultato \u2013 kad j\u016bs\u0173 dantys b\u016bt\u0173 sveiki ir veide visada \u0161viest\u0173 \u0161ypsena.<\/p><\/div><\/div><header class=\"vu_heading vu_h-style-1 vu_h-alignment-left\"><div class=\"vu_h-subheading\"><p><strong>PROFESIONAL\u016aS ODONTOLOGAI ASHBOURNE<\/strong><\/p><\/div><\/header><div class=\"wpb_text_column wpb_content_element m-b-30\"><div class=\"wpb_wrapper\"><p>Per 10 veiklos met\u0173 sub\u016br\u0117me draugi\u0161k\u0105 patyrusi\u0173 specialist\u0173 komand\u0105. Pagrindinis m\u016bs\u0173 darbo principas \u2013 i\u0161skirtinis d\u0117mesys kiekvienam pacientui.<\/p><p>Jums apsilankius pirm\u0105 kart\u0105, pirmiausia atid\u017eiai i\u0161klausysime ir \u012fvertinsime pad\u0117t\u012f, jeigu reikia, sudarysime tiksl\u0173 gydymo plan\u0105.<\/p><\/div><\/div><header class=\"vu_heading vu_h-style-1 vu_h-alignment-left\"><div class=\"vu_h-subheading\"><p><strong>KOKYBI\u0160KOS IR SERTIFIKUOTOS MED\u017dIAGOS BEI AUK\u0160\u010cIAUSIOS KLAS\u0116S \u012eRANGA<\/strong><\/p><\/div><\/header><div class=\"wpb_text_column wpb_content_element m-b-30\"><div class=\"wpb_wrapper\"><p>Paslaugos kokyb\u0117 \u2013 m\u016bs\u0173 prioritetas ir pasidid\u017eiavimas. \u0160ioje srityje kompromis\u0173 netaikome. Kartu tai ir garantas, kad gydymas bus saugus ir efektyvus.<\/p><p>Dirbame tik su sertifikuotomis med\u017eiagomis, tod\u0117l u\u017etikriname proced\u016bros rezultat\u0173 ilgaam\u017ei\u0161kum\u0105. Proced\u016br\u0173 metu naudojamos tik auk\u0161\u010diausios kokyb\u0117s med\u017eiagos.<\/p><p>Proced\u016bras atliekame pasitelkdami moderni\u0105 \u012frang\u0105. Tai pacientui garantuoja komfort\u0105 proced\u016br\u0173 metu.<\/p><\/div><\/div><header class=\"vu_heading vu_h-style-1 vu_h-alignment-left\"><div class=\"vu_h-subheading\"><p><strong>ODONTOLOGIJOS PASLAUG\u0172 KAINOS<\/strong><\/p><\/div><\/header><div class=\"wpb_text_column wpb_content_element m-b-30\"><div class=\"wpb_wrapper\"><p>Mums svarbu, kad<em><strong>\u00a0Ashbourne Dental &amp; Medical<\/strong><\/em>\u00a0klinikos pacientai \u017einot\u0173, u\u017e k\u0105 moka pinigus, tod\u0117l turime ai\u0161kiai apibr\u0117\u017et\u0105 kiekvienos odontologijos paslaugos kain\u0105. Teikdami konsultacijas ir aptardami gydymui reikalingas priemones, gydytojai i\u0161samiai paai\u0161kina gamintoj\u0173 produkt\u0173 skirtumus ir privalumus, kad pacientas gal\u0117t\u0173 pasirinkti sau finansi\u0161kai priimtin\u0105 sprendim\u0105 nerizikuodamas kokybe.<\/p><p><strong>Pirmin\u0117 ap\u017ei\u016bra ir konsultacija yra nemokamos<\/strong><strong>,<\/strong>\u00a0jeigu tolesnis dant\u0173 gydymas bus patik\u0117tas profesionaliems m\u016bs\u0173 klinikos odontologams.<\/p><\/div><\/div><header class=\"vu_heading vu_h-style-1 vu_h-alignment-left\"><div class=\"vu_h-subheading\"><p><strong>PATOGUS SUSISIEKIMAS IR PASLAUG\u0172 PRIEINAMUMAS<\/strong><\/p><\/div><\/header><div class=\"wpb_text_column wpb_content_element m-b-30\"><div class=\"wpb_wrapper\"><p><em><strong>Ashbourne Dental &amp; Medical\u00a0<\/strong><\/em><\/p><p>klinika \u012fsik\u016brusi pa\u010diame Ashbourne miesto centre, ji patogiai pasiekiama tiek i\u0161 Dublino, tiek i\u0161 Dublino oro uosto \u2013 tik 20 minu\u010di\u0173 kelio automobiliu ar visuomeniniu transportu. Klinikos pacientai gali naudotis nemokama automobili\u0173 aik\u0161tele.<\/p><p>Vertindami pacient\u0173 laik\u0105 ir atsi\u017evelgdami \u012f j\u0173 u\u017eimtum\u0105, dirbame itin palankiu darbo grafiku: pirmadien\u012f\u2013\u0161e\u0161tadien\u012f iki 19 val. arba kol yra pacient\u0173, i\u0161 anksto susitarusi\u0173 d\u0117l v\u0117lyvo vizito, taip pat sekmadien\u012f \u2013 esant i\u0161ankstinei registracijai.<\/p><\/div><\/div><header class=\"vu_heading vu_h-style-1 vu_h-alignment-left\"><div class=\"vu_h-subheading\"><p><strong>GERIAUSIAS M\u016aS\u0172 \u012eVERTINIMAS \u2013 J\u016aS\u0172 ATSILIEPIMAI<\/strong><\/p><\/div><\/header><div class=\"wpb_text_column wpb_content_element m-b-30\"><div class=\"wpb_wrapper\"><p>Did\u017eiausias m\u016bs\u0173 veiklos \u012fvertinimas, kur\u012f branginame \u2013 nuolat augantis klinika pasitikin\u010di\u0173 pacient\u0173 skai\u010dius, taip pat paslaugomis pasinaudojusi\u0173 pacient\u0173 pad\u0117kos profesnionaliems m\u016bs\u0173 odontologams.<\/p><p>Tai didelis \u012fpareigojimas bei paspirtis ir toliau u\u017etikrinti kokybi\u0161kas odontologijos paslaugas, r\u016bpintis kiekvienu pacientu, b\u016bti d\u0117mesingiems, tobulinti darb\u0105 atsi\u017evelgiant \u012f J\u016bs\u0173 pastabas ir pageidavimus.<\/p><p><em><strong>Ashbourne Dental &amp; Medical\u00a0<\/strong><\/em><\/p><p>linki gra\u017ei\u0173 \u0161ilt\u0173 \u0161ypsen\u0173!<\/p><\/div><\/div>\t\t\t\t\t\t\t\t<\/div>\n\t\t\t\t<\/div>\n\t\t\t\t\t<\/div>\n\t\t\t\t<\/div>\n\t\t\t\t<\/div>\n\t\t","protected":false},"excerpt":{"rendered":"<p>Apie Mus Ashbourne Dental &amp; Medical\u00a0 \u2013 tai profesionalios ir kokybi\u0161kos odontologin\u0117s paslaugos. Itin kvalifikuoti odontologai, platus odontologijos paslaug\u0173 spektras ir pa\u017eang\u016bs gydymo metodai \u2013 \u0161tai klinikos\u00a0Ashbourne Dental &amp; Medical\u00a0vizitin\u0117 kortel\u0117. Mums r\u016bpi kiekvienas klinikos duris prav\u0117r\u0119s pacientas. Profesional\u016bs, didel\u012f \u017eini\u0173 baga\u017e\u0105 sukaup\u0119 ir nuolat profesinius geb\u0117jimus tobulinantys\u00a0Ashbourne Dental &amp;Medical\u00a0odontologijos ir burnos higienos specialistai kruop\u0161\u010diai&hellip;<\/p>\n","protected":false},"author":3,"featured_media":0,"parent":0,"menu_order":0,"comment_status":"closed","ping_status":"closed","template":"elementor_header_footer","meta":{"footnotes":""},"class_list":["post-600","page","type-page","status-publish","hentry"],"_links":{"self":[{"href":"https:\/\/ashbournemedical.ie\/lt\/wp-json\/wp\/v2\/pages\/600","targetHints":{"allow":["GET"]}}],"collection":[{"href":"https:\/\/ashbournemedical.ie\/lt\/wp-json\/wp\/v2\/pages"}],"about":[{"href":"https:\/\/ashbournemedical.ie\/lt\/wp-json\/wp\/v2\/types\/page"}],"author":[{"embeddable":true,"href":"https:\/\/ashbournemedical.ie\/lt\/wp-json\/wp\/v2\/users\/3"}],"replies":[{"embeddable":true,"href":"https:\/\/ashbournemedical.ie\/lt\/wp-json\/wp\/v2\/comments?post=600"}],"version-history":[{"count":4,"href":"https:\/\/ashbournemedical.ie\/lt\/wp-json\/wp\/v2\/pages\/600\/revisions"}],"predecessor-version":[{"id":4785,"href":"https:\/\/ashbournemedical.ie\/lt\/wp-json\/wp\/v2\/pages\/600\/revisions\/4785"}],"wp:attachment":[{"href":"https:\/\/ashbournemedical.ie\/lt\/wp-json\/wp\/v2\/media?parent=600"}],"curies":[{"name":"wp","href":"https:\/\/api.w.org\/{rel}","templated":true}]}}