{"id":605,"date":"2021-07-25T17:33:38","date_gmt":"2021-07-25T16:33:38","guid":{"rendered":"https:\/\/ashb.pagedev.eu\/?page_id=605"},"modified":"2024-08-29T14:11:55","modified_gmt":"2024-08-29T13:11:55","slug":"gydytojai","status":"publish","type":"page","link":"https:\/\/ashbournemedical.ie\/lt\/gydytojai\/","title":{"rendered":"Gydytojai"},"content":{"rendered":"\t\t<div data-elementor-type=\"wp-page\" data-elementor-id=\"605\" class=\"elementor elementor-605 elementor-31\" data-elementor-post-type=\"page\">\n\t\t\t\t<div class=\"elementor-element elementor-element-121c4c9 e-flex e-con-boxed e-con e-parent\" data-id=\"121c4c9\" data-element_type=\"container\" data-e-type=\"container\" data-settings=\"{&quot;background_background&quot;:&quot;gradient&quot;}\">\n\t\t\t\t\t<div class=\"e-con-inner\">\n\t\t\t\t<div class=\"elementor-element elementor-element-b3c6d99 elementor-widget elementor-widget-heading\" data-id=\"b3c6d99\" data-element_type=\"widget\" data-e-type=\"widget\" data-widget_type=\"heading.default\">\n\t\t\t\t<div class=\"elementor-widget-container\">\n\t\t\t\t\t<h2 class=\"elementor-heading-title elementor-size-default\">M\u016bs\u0173 komanda<\/h2>\t\t\t\t<\/div>\n\t\t\t\t<\/div>\n\t\t\t\t\t<\/div>\n\t\t\t\t<\/div>\n\t\t<div class=\"elementor-element elementor-element-63ac272 e-flex e-con-boxed e-con e-parent\" data-id=\"63ac272\" data-element_type=\"container\" data-e-type=\"container\" data-settings=\"{&quot;background_background&quot;:&quot;classic&quot;}\">\n\t\t\t\t\t<div class=\"e-con-inner\">\n\t\t\t\t<div class=\"elementor-element elementor-element-1ff8f58 elementor-widget elementor-widget-the7_elements\" data-id=\"1ff8f58\" data-element_type=\"widget\" data-e-type=\"widget\" data-widget_type=\"the7_elements.default\">\n\t\t\t\t<div class=\"elementor-widget-container\">\n\t\t\t\t\t<div class=\"portfolio-shortcode the7-elementor-widget the7_elements-1ff8f58 mode-grid dt-css-grid-wrap classic-layout-list description-under-image quick-scale-img content-bg-on resize-by-browser-width loading-effect-fade-in jquery-filter\" data-padding=\"15px\" data-mobile-columns-num=\"1\" data-tablet-columns-num=\"2\" data-desktop-columns-num=\"4\" data-wide-desktop-columns-num=\"4\" data-post-limit=\"-1\" data-pagination-mode=\"none\" data-scroll-offset=\"\" aria-live=\"assertive\"><div class=\"dt-css-grid custom-pagination-handler\"><div class=\"visible wf-cell\" data-post-id=\"642\" data-date=\"2021-07-27T15:56:24+01:00\" data-name=\"Dr. Rasa Liaudanskait\u0117\"><article class=\"post visible post-642 dt_team type-dt_team status-publish has-post-thumbnail hentry dt_team_category-ginekologe\" data-name=\"Dr. Rasa Liaudanskait\u0117\" data-date=\"2021-07-27T15:56:24+01:00\">\n\n\t<div class=\"post-thumbnail-wrap\">\n\t\t<div class=\"post-thumbnail\">\n\n\t\t\t<a class=\"post-thumbnail-rollover layzr-bg img-css-resize-wrapper\" aria-label=\"Post image\" href=\"https:\/\/ashbournemedical.ie\/lt\/meet-the-team\/dr-rasa-liaudanskaite\/\"><img fetchpriority=\"high\" decoding=\"async\" width=\"554\" height=\"554\" src=\"data:image\/svg+xml,%3Csvg%20xmlns%3D&#039;http%3A%2F%2Fwww.w3.org%2F2000%2Fsvg&#039;%20viewBox%3D&#039;0%200%20554%20554&#039;%2F%3E\" class=\"attachment-full size-full preload-me aspect lazy lazy-load\" alt=\"\" sizes=\"(max-width: 554px) 100vw, 554px\" style=\"--ratio: 554 \/ 554;\" data-src=\"https:\/\/ashbournemedical.ie\/wp-content\/uploads\/2021\/06\/rasa-small.jpg\" loading=\"eager\" data-srcset=\"https:\/\/ashbournemedical.ie\/wp-content\/uploads\/2021\/06\/rasa-small.jpg 554w, https:\/\/ashbournemedical.ie\/wp-content\/uploads\/2021\/06\/rasa-small-300x300.jpg 300w, https:\/\/ashbournemedical.ie\/wp-content\/uploads\/2021\/06\/rasa-small-150x150.jpg 150w\" \/><\/a>\n\t\t<\/div>\n\t<\/div>\n\n\n<div class=\"post-entry-content\">\n\n\t<h3 class=\"ele-entry-title\"><a href=\"https:\/\/ashbournemedical.ie\/lt\/meet-the-team\/dr-rasa-liaudanskaite\/\" rel=\"bookmark\" title=\"Dr. Rasa Liaudanskait\u0117\">Dr. Rasa Liaudanskait\u0117<\/a><\/h3><div class=\"entry-meta\"><span class=\"meta-item category-link\"><span>Ginekolog\u0117<\/span><\/span><\/div><a href=\"https:\/\/ashbournemedical.ie\/lt\/meet-the-team\/dr-rasa-liaudanskaite\/\" target=\"\" aria-label=\"Read more about Dr. Rasa Liaudanskait\u0117\" class=\"box-button elementor-button elementor-size-xs\">Su\u017einok daugiau<\/a>\n<\/div><\/article><\/div><div class=\"visible wf-cell\" data-post-id=\"693\" data-date=\"2021-07-27T18:00:34+01:00\" data-name=\"Dr. Adomas Rovas\"><article class=\"post visible post-693 dt_team type-dt_team status-publish has-post-thumbnail hentry dt_team_category-odontologas\" data-name=\"Dr. Adomas Rovas\" data-date=\"2021-07-27T18:00:34+01:00\">\n\n\t<div class=\"post-thumbnail-wrap\">\n\t\t<div class=\"post-thumbnail\">\n\n\t\t\t<a class=\"post-thumbnail-rollover layzr-bg img-css-resize-wrapper\" aria-label=\"Post image\" href=\"https:\/\/ashbournemedical.ie\/lt\/meet-the-team\/dr-adomas-rovas\/\"><img decoding=\"async\" width=\"600\" height=\"600\" src=\"data:image\/svg+xml,%3Csvg%20xmlns%3D&#039;http%3A%2F%2Fwww.w3.org%2F2000%2Fsvg&#039;%20viewBox%3D&#039;0%200%20600%20600&#039;%2F%3E\" class=\"attachment-full size-full preload-me aspect lazy lazy-load\" alt=\"\" sizes=\"(max-width: 600px) 100vw, 600px\" style=\"--ratio: 600 \/ 600;\" data-src=\"https:\/\/ashbournemedical.ie\/wp-content\/uploads\/2021\/06\/adomas.jpg\" loading=\"eager\" data-srcset=\"https:\/\/ashbournemedical.ie\/wp-content\/uploads\/2021\/06\/adomas.jpg 600w, https:\/\/ashbournemedical.ie\/wp-content\/uploads\/2021\/06\/adomas-300x300.jpg 300w, https:\/\/ashbournemedical.ie\/wp-content\/uploads\/2021\/06\/adomas-150x150.jpg 150w\" \/><\/a>\n\t\t<\/div>\n\t<\/div>\n\n\n<div class=\"post-entry-content\">\n\n\t<h3 class=\"ele-entry-title\"><a href=\"https:\/\/ashbournemedical.ie\/lt\/meet-the-team\/dr-adomas-rovas\/\" rel=\"bookmark\" title=\"Dr. Adomas Rovas\">Dr. Adomas Rovas<\/a><\/h3><div class=\"entry-meta\"><span class=\"meta-item category-link\"><span>Odontologas<\/span><\/span><\/div><a href=\"https:\/\/ashbournemedical.ie\/lt\/meet-the-team\/dr-adomas-rovas\/\" target=\"\" aria-label=\"Read more about Dr. Adomas Rovas\" class=\"box-button elementor-button elementor-size-xs\">Su\u017einok daugiau<\/a>\n<\/div><\/article><\/div><div class=\"visible wf-cell\" data-post-id=\"694\" data-date=\"2021-07-27T18:07:04+01:00\" data-name=\"Dr. Vaidotas \u017dvikas\"><article class=\"post visible post-694 dt_team type-dt_team status-publish has-post-thumbnail hentry dt_team_category-dantu-implantai dt_team_category-dantu-protezavimas\" data-name=\"Dr. Vaidotas \u017dvikas\" data-date=\"2021-07-27T18:07:04+01:00\">\n\n\t<div class=\"post-thumbnail-wrap\">\n\t\t<div class=\"post-thumbnail\">\n\n\t\t\t<a class=\"post-thumbnail-rollover layzr-bg img-css-resize-wrapper\" aria-label=\"Post image\" href=\"https:\/\/ashbournemedical.ie\/lt\/meet-the-team\/dr-vaidotas-zvikas\/\"><img decoding=\"async\" width=\"554\" height=\"554\" src=\"data:image\/svg+xml,%3Csvg%20xmlns%3D&#039;http%3A%2F%2Fwww.w3.org%2F2000%2Fsvg&#039;%20viewBox%3D&#039;0%200%20554%20554&#039;%2F%3E\" class=\"attachment-full size-full preload-me aspect lazy lazy-load\" alt=\"\" sizes=\"(max-width: 554px) 100vw, 554px\" style=\"--ratio: 554 \/ 554;\" data-src=\"https:\/\/ashbournemedical.ie\/wp-content\/uploads\/2021\/06\/vaidotas_small.jpg\" loading=\"eager\" data-srcset=\"https:\/\/ashbournemedical.ie\/wp-content\/uploads\/2021\/06\/vaidotas_small.jpg 554w, https:\/\/ashbournemedical.ie\/wp-content\/uploads\/2021\/06\/vaidotas_small-300x300.jpg 300w, https:\/\/ashbournemedical.ie\/wp-content\/uploads\/2021\/06\/vaidotas_small-150x150.jpg 150w\" \/><\/a>\n\t\t<\/div>\n\t<\/div>\n\n\n<div class=\"post-entry-content\">\n\n\t<h3 class=\"ele-entry-title\"><a href=\"https:\/\/ashbournemedical.ie\/lt\/meet-the-team\/dr-vaidotas-zvikas\/\" rel=\"bookmark\" title=\"Dr. Vaidotas \u017dvikas\">Dr. Vaidotas \u017dvikas<\/a><\/h3><div class=\"entry-meta\"><span class=\"meta-item category-link\"><span>Dant\u0173 implantai<\/span>, <span>Dant\u0173 protezavimas<\/span><\/span><\/div><a href=\"https:\/\/ashbournemedical.ie\/lt\/meet-the-team\/dr-vaidotas-zvikas\/\" target=\"\" aria-label=\"Read more about Dr. Vaidotas \u017dvikas\" class=\"box-button elementor-button elementor-size-xs\">Su\u017einok daugiau<\/a>\n<\/div><\/article><\/div><div class=\"visible wf-cell\" data-post-id=\"699\" data-date=\"2021-07-27T18:10:55+01:00\" data-name=\"Greta Samalionyt\u0117\"><article class=\"post visible post-699 dt_team type-dt_team status-publish has-post-thumbnail hentry dt_team_category-burnos-higieniste\" data-name=\"Greta Samalionyt\u0117\" data-date=\"2021-07-27T18:10:55+01:00\">\n\n\t<div class=\"post-thumbnail-wrap\">\n\t\t<div class=\"post-thumbnail\">\n\n\t\t\t<a class=\"post-thumbnail-rollover layzr-bg img-css-resize-wrapper\" aria-label=\"Post image\" href=\"https:\/\/ashbournemedical.ie\/lt\/meet-the-team\/greta-samalionyte\/\"><img decoding=\"async\" width=\"554\" height=\"554\" src=\"data:image\/svg+xml,%3Csvg%20xmlns%3D&#039;http%3A%2F%2Fwww.w3.org%2F2000%2Fsvg&#039;%20viewBox%3D&#039;0%200%20554%20554&#039;%2F%3E\" class=\"attachment-full size-full preload-me aspect lazy lazy-load\" alt=\"\" sizes=\"(max-width: 554px) 100vw, 554px\" style=\"--ratio: 554 \/ 554;\" data-src=\"https:\/\/ashbournemedical.ie\/wp-content\/uploads\/2021\/06\/greta.jpg\" loading=\"eager\" data-srcset=\"https:\/\/ashbournemedical.ie\/wp-content\/uploads\/2021\/06\/greta.jpg 554w, https:\/\/ashbournemedical.ie\/wp-content\/uploads\/2021\/06\/greta-300x300.jpg 300w, https:\/\/ashbournemedical.ie\/wp-content\/uploads\/2021\/06\/greta-150x150.jpg 150w, https:\/\/ashbournemedical.ie\/wp-content\/uploads\/2021\/06\/greta-450x450.jpg 450w\" \/><\/a>\n\t\t<\/div>\n\t<\/div>\n\n\n<div class=\"post-entry-content\">\n\n\t<h3 class=\"ele-entry-title\"><a href=\"https:\/\/ashbournemedical.ie\/lt\/meet-the-team\/greta-samalionyte\/\" rel=\"bookmark\" title=\"Greta Samalionyt\u0117\">Greta Samalionyt\u0117<\/a><\/h3><div class=\"entry-meta\"><span class=\"meta-item category-link\"><span>Burnos higienist\u0117<\/span><\/span><\/div><a href=\"https:\/\/ashbournemedical.ie\/lt\/meet-the-team\/greta-samalionyte\/\" target=\"\" aria-label=\"Read more about Greta Samalionyt\u0117\" class=\"box-button elementor-button elementor-size-xs\">Su\u017einok daugiau<\/a>\n<\/div><\/article><\/div><div class=\"visible wf-cell\" data-post-id=\"701\" data-date=\"2021-07-27T18:13:14+01:00\" data-name=\"Dr. Jurgis Paulauskas\"><article class=\"post visible post-701 dt_team type-dt_team status-publish has-post-thumbnail hentry dt_team_category-burnos-chirurgas dt_team_category-dantu-implantai\" data-name=\"Dr. Jurgis Paulauskas\" data-date=\"2021-07-27T18:13:14+01:00\">\n\n\t<div class=\"post-thumbnail-wrap\">\n\t\t<div class=\"post-thumbnail\">\n\n\t\t\t<a class=\"post-thumbnail-rollover layzr-bg img-css-resize-wrapper\" aria-label=\"Post image\" href=\"https:\/\/ashbournemedical.ie\/lt\/meet-the-team\/dr-jurgis-paulauskas\/\"><img decoding=\"async\" width=\"1200\" height=\"1200\" src=\"data:image\/svg+xml,%3Csvg%20xmlns%3D&#039;http%3A%2F%2Fwww.w3.org%2F2000%2Fsvg&#039;%20viewBox%3D&#039;0%200%201200%201200&#039;%2F%3E\" class=\"attachment-full size-full preload-me aspect lazy lazy-load\" alt=\"\" sizes=\"(max-width: 1200px) 100vw, 1200px\" style=\"--ratio: 1200 \/ 1200;\" data-src=\"https:\/\/ashbournemedical.ie\/wp-content\/uploads\/2021\/06\/Jurgis-1.jpg\" loading=\"eager\" data-srcset=\"https:\/\/ashbournemedical.ie\/wp-content\/uploads\/2021\/06\/Jurgis-1.jpg 1200w, https:\/\/ashbournemedical.ie\/wp-content\/uploads\/2021\/06\/Jurgis-1-300x300.jpg 300w, https:\/\/ashbournemedical.ie\/wp-content\/uploads\/2021\/06\/Jurgis-1-1024x1024.jpg 1024w, https:\/\/ashbournemedical.ie\/wp-content\/uploads\/2021\/06\/Jurgis-1-150x150.jpg 150w, https:\/\/ashbournemedical.ie\/wp-content\/uploads\/2021\/06\/Jurgis-1-768x768.jpg 768w, https:\/\/ashbournemedical.ie\/wp-content\/uploads\/2021\/06\/Jurgis-1-450x450.jpg 450w\" \/><\/a>\n\t\t<\/div>\n\t<\/div>\n\n\n<div class=\"post-entry-content\">\n\n\t<h3 class=\"ele-entry-title\"><a href=\"https:\/\/ashbournemedical.ie\/lt\/meet-the-team\/dr-jurgis-paulauskas\/\" rel=\"bookmark\" title=\"Dr. Jurgis Paulauskas\">Dr. Jurgis Paulauskas<\/a><\/h3><div class=\"entry-meta\"><span class=\"meta-item category-link\"><span>Burnos chirurgas<\/span>, <span>Dant\u0173 implantai<\/span><\/span><\/div><a href=\"https:\/\/ashbournemedical.ie\/lt\/meet-the-team\/dr-jurgis-paulauskas\/\" target=\"\" aria-label=\"Read more about Dr. Jurgis Paulauskas\" class=\"box-button elementor-button elementor-size-xs\">Su\u017einok daugiau<\/a>\n<\/div><\/article><\/div><div class=\"visible wf-cell\" data-post-id=\"704\" data-date=\"2021-07-27T18:16:35+01:00\" data-name=\"Dr Migl\u0117 Kotovait\u0117-Pliaugien\u0117\"><article class=\"post visible post-704 dt_team type-dt_team status-publish has-post-thumbnail hentry dt_team_category-gydytoja-odontologe\" data-name=\"Dr Migl\u0117 Kotovait\u0117-Pliaugien\u0117\" data-date=\"2021-07-27T18:16:35+01:00\">\n\n\t<div class=\"post-thumbnail-wrap\">\n\t\t<div class=\"post-thumbnail\">\n\n\t\t\t<a class=\"post-thumbnail-rollover layzr-bg img-css-resize-wrapper\" aria-label=\"Post image\" href=\"https:\/\/ashbournemedical.ie\/lt\/meet-the-team\/dr-migle-kotovaite-pliaugiene\/\"><img decoding=\"async\" width=\"1200\" height=\"1200\" src=\"data:image\/svg+xml,%3Csvg%20xmlns%3D&#039;http%3A%2F%2Fwww.w3.org%2F2000%2Fsvg&#039;%20viewBox%3D&#039;0%200%201200%201200&#039;%2F%3E\" class=\"attachment-full size-full preload-me aspect lazy lazy-load\" alt=\"\" sizes=\"(max-width: 1200px) 100vw, 1200px\" style=\"--ratio: 1200 \/ 1200;\" data-src=\"https:\/\/ashbournemedical.ie\/wp-content\/uploads\/2021\/06\/Migle.png\" loading=\"eager\" data-srcset=\"https:\/\/ashbournemedical.ie\/wp-content\/uploads\/2021\/06\/Migle.png 1200w, https:\/\/ashbournemedical.ie\/wp-content\/uploads\/2021\/06\/Migle-300x300.png 300w, https:\/\/ashbournemedical.ie\/wp-content\/uploads\/2021\/06\/Migle-1024x1024.png 1024w, https:\/\/ashbournemedical.ie\/wp-content\/uploads\/2021\/06\/Migle-150x150.png 150w, https:\/\/ashbournemedical.ie\/wp-content\/uploads\/2021\/06\/Migle-768x768.png 768w, https:\/\/ashbournemedical.ie\/wp-content\/uploads\/2021\/06\/Migle-450x450.png 450w\" \/><\/a>\n\t\t<\/div>\n\t<\/div>\n\n\n<div class=\"post-entry-content\">\n\n\t<h3 class=\"ele-entry-title\"><a href=\"https:\/\/ashbournemedical.ie\/lt\/meet-the-team\/dr-migle-kotovaite-pliaugiene\/\" rel=\"bookmark\" title=\"Dr Migl\u0117 Kotovait\u0117-Pliaugien\u0117\">Dr Migl\u0117 Kotovait\u0117-Pliaugien\u0117<\/a><\/h3><div class=\"entry-meta\"><span class=\"meta-item category-link\"><span>Gydytoja odontolog\u0117<\/span><\/span><\/div><a href=\"https:\/\/ashbournemedical.ie\/lt\/meet-the-team\/dr-migle-kotovaite-pliaugiene\/\" target=\"\" aria-label=\"Read more about Dr Migl\u0117 Kotovait\u0117-Pliaugien\u0117\" class=\"box-button elementor-button elementor-size-xs\">Su\u017einok daugiau<\/a>\n<\/div><\/article><\/div><div class=\"visible wf-cell\" data-post-id=\"707\" data-date=\"2021-07-27T18:18:54+01:00\" data-name=\"Dr. Laura Vaitkut\u0117\"><article class=\"post visible post-707 dt_team type-dt_team status-publish has-post-thumbnail hentry dt_team_category-odontologe\" data-name=\"Dr. Laura Vaitkut\u0117\" data-date=\"2021-07-27T18:18:54+01:00\">\n\n\t<div class=\"post-thumbnail-wrap\">\n\t\t<div class=\"post-thumbnail\">\n\n\t\t\t<a class=\"post-thumbnail-rollover layzr-bg img-css-resize-wrapper\" aria-label=\"Post image\" href=\"https:\/\/ashbournemedical.ie\/lt\/meet-the-team\/dr-laura-vaitkute\/\"><img decoding=\"async\" width=\"1200\" height=\"1200\" src=\"data:image\/svg+xml,%3Csvg%20xmlns%3D&#039;http%3A%2F%2Fwww.w3.org%2F2000%2Fsvg&#039;%20viewBox%3D&#039;0%200%201200%201200&#039;%2F%3E\" class=\"attachment-full size-full preload-me aspect lazy lazy-load\" alt=\"\" sizes=\"(max-width: 1200px) 100vw, 1200px\" style=\"--ratio: 1200 \/ 1200;\" data-src=\"https:\/\/ashbournemedical.ie\/wp-content\/uploads\/2021\/06\/laura.vai_.jpg\" loading=\"eager\" data-srcset=\"https:\/\/ashbournemedical.ie\/wp-content\/uploads\/2021\/06\/laura.vai_.jpg 1200w, https:\/\/ashbournemedical.ie\/wp-content\/uploads\/2021\/06\/laura.vai_-300x300.jpg 300w, https:\/\/ashbournemedical.ie\/wp-content\/uploads\/2021\/06\/laura.vai_-1024x1024.jpg 1024w, https:\/\/ashbournemedical.ie\/wp-content\/uploads\/2021\/06\/laura.vai_-150x150.jpg 150w, https:\/\/ashbournemedical.ie\/wp-content\/uploads\/2021\/06\/laura.vai_-768x768.jpg 768w, https:\/\/ashbournemedical.ie\/wp-content\/uploads\/2021\/06\/laura.vai_-450x450.jpg 450w\" \/><\/a>\n\t\t<\/div>\n\t<\/div>\n\n\n<div class=\"post-entry-content\">\n\n\t<h3 class=\"ele-entry-title\"><a href=\"https:\/\/ashbournemedical.ie\/lt\/meet-the-team\/dr-laura-vaitkute\/\" rel=\"bookmark\" title=\"Dr. Laura Vaitkut\u0117\">Dr. Laura Vaitkut\u0117<\/a><\/h3><div class=\"entry-meta\"><span class=\"meta-item category-link\"><span>Odontolog\u0117<\/span><\/span><\/div><a href=\"https:\/\/ashbournemedical.ie\/lt\/meet-the-team\/dr-laura-vaitkute\/\" target=\"\" aria-label=\"Read more about Dr. Laura Vaitkut\u0117\" class=\"box-button elementor-button elementor-size-xs\">Su\u017einok daugiau<\/a>\n<\/div><\/article><\/div><div class=\"visible wf-cell\" data-post-id=\"710\" data-date=\"2021-07-27T18:21:10+01:00\" data-name=\"Dr. Janusz Banasik\"><article class=\"post visible post-710 dt_team type-dt_team status-publish has-post-thumbnail hentry dt_team_category-ortodontas\" data-name=\"Dr. Janusz Banasik\" data-date=\"2021-07-27T18:21:10+01:00\">\n\n\t<div class=\"post-thumbnail-wrap\">\n\t\t<div class=\"post-thumbnail\">\n\n\t\t\t<a class=\"post-thumbnail-rollover layzr-bg img-css-resize-wrapper\" aria-label=\"Post image\" href=\"https:\/\/ashbournemedical.ie\/lt\/meet-the-team\/dr-janusz-banasik\/\"><img decoding=\"async\" width=\"554\" height=\"554\" src=\"data:image\/svg+xml,%3Csvg%20xmlns%3D&#039;http%3A%2F%2Fwww.w3.org%2F2000%2Fsvg&#039;%20viewBox%3D&#039;0%200%20554%20554&#039;%2F%3E\" class=\"attachment-full size-full preload-me aspect lazy lazy-load\" alt=\"\" sizes=\"(max-width: 554px) 100vw, 554px\" style=\"--ratio: 554 \/ 554;\" data-src=\"https:\/\/ashbournemedical.ie\/wp-content\/uploads\/2021\/06\/janusz_small.jpg\" loading=\"eager\" data-srcset=\"https:\/\/ashbournemedical.ie\/wp-content\/uploads\/2021\/06\/janusz_small.jpg 554w, https:\/\/ashbournemedical.ie\/wp-content\/uploads\/2021\/06\/janusz_small-300x300.jpg 300w, https:\/\/ashbournemedical.ie\/wp-content\/uploads\/2021\/06\/janusz_small-150x150.jpg 150w\" \/><\/a>\n\t\t<\/div>\n\t<\/div>\n\n\n<div class=\"post-entry-content\">\n\n\t<h3 class=\"ele-entry-title\"><a href=\"https:\/\/ashbournemedical.ie\/lt\/meet-the-team\/dr-janusz-banasik\/\" rel=\"bookmark\" title=\"Dr. Janusz Banasik\">Dr. Janusz Banasik<\/a><\/h3><div class=\"entry-meta\"><span class=\"meta-item category-link\"><span>Ortodontas<\/span><\/span><\/div><a href=\"https:\/\/ashbournemedical.ie\/lt\/meet-the-team\/dr-janusz-banasik\/\" target=\"\" aria-label=\"Read more about Dr. Janusz Banasik\" class=\"box-button elementor-button elementor-size-xs\">Su\u017einok daugiau<\/a>\n<\/div><\/article><\/div><div class=\"visible wf-cell\" data-post-id=\"4461\" data-date=\"2024-02-20T18:56:27+00:00\" data-name=\"Dr. Aliona Berlinschi\"><article class=\"post visible post-4461 dt_team type-dt_team status-publish has-post-thumbnail hentry dt_team_category-odontologe\" data-name=\"Dr. Aliona Berlinschi\" data-date=\"2024-02-20T18:56:27+00:00\">\n\n\t<div class=\"post-thumbnail-wrap\">\n\t\t<div class=\"post-thumbnail\">\n\n\t\t\t<a class=\"post-thumbnail-rollover layzr-bg img-css-resize-wrapper\" aria-label=\"Post image\" href=\"https:\/\/ashbournemedical.ie\/lt\/meet-the-team\/dr-aliona-berlinschi\/\"><img decoding=\"async\" width=\"554\" height=\"554\" src=\"data:image\/svg+xml,%3Csvg%20xmlns%3D&#039;http%3A%2F%2Fwww.w3.org%2F2000%2Fsvg&#039;%20viewBox%3D&#039;0%200%20554%20554&#039;%2F%3E\" class=\"attachment-full size-full preload-me aspect lazy lazy-load\" alt=\"\" sizes=\"(max-width: 554px) 100vw, 554px\" style=\"--ratio: 554 \/ 554;\" data-src=\"https:\/\/ashbournemedical.ie\/wp-content\/uploads\/2024\/02\/Aliona.jpg\" loading=\"eager\" data-srcset=\"https:\/\/ashbournemedical.ie\/wp-content\/uploads\/2024\/02\/Aliona.jpg 554w, https:\/\/ashbournemedical.ie\/wp-content\/uploads\/2024\/02\/Aliona-300x300.jpg 300w, https:\/\/ashbournemedical.ie\/wp-content\/uploads\/2024\/02\/Aliona-150x150.jpg 150w, https:\/\/ashbournemedical.ie\/wp-content\/uploads\/2024\/02\/Aliona-450x450.jpg 450w\" \/><\/a>\n\t\t<\/div>\n\t<\/div>\n\n\n<div class=\"post-entry-content\">\n\n\t<h3 class=\"ele-entry-title\"><a href=\"https:\/\/ashbournemedical.ie\/lt\/meet-the-team\/dr-aliona-berlinschi\/\" rel=\"bookmark\" title=\"Dr. Aliona Berlinschi\">Dr. Aliona Berlinschi<\/a><\/h3><div class=\"entry-meta\"><span class=\"meta-item category-link\"><span>Odontolog\u0117<\/span><\/span><\/div><a href=\"https:\/\/ashbournemedical.ie\/lt\/meet-the-team\/dr-aliona-berlinschi\/\" target=\"\" aria-label=\"Read more about Dr. Aliona Berlinschi\" class=\"box-button elementor-button elementor-size-xs\">Su\u017einok daugiau<\/a>\n<\/div><\/article><\/div><div class=\"visible wf-cell\" data-post-id=\"4509\" data-date=\"2024-03-24T18:11:35+00:00\" data-name=\"Elvinas Juzikis\"><article class=\"post visible post-4509 dt_team type-dt_team status-publish has-post-thumbnail hentry dt_team_category-dantu-implantai dt_team_category-dantu-protezavimas\" data-name=\"Elvinas Juzikis\" data-date=\"2024-03-24T18:11:35+00:00\">\n\n\t<div class=\"post-thumbnail-wrap\">\n\t\t<div class=\"post-thumbnail\">\n\n\t\t\t<a class=\"post-thumbnail-rollover layzr-bg img-css-resize-wrapper\" aria-label=\"Post image\" href=\"https:\/\/ashbournemedical.ie\/lt\/meet-the-team\/elvinas-juzikis\/\"><img decoding=\"async\" width=\"1200\" height=\"1200\" src=\"data:image\/svg+xml,%3Csvg%20xmlns%3D&#039;http%3A%2F%2Fwww.w3.org%2F2000%2Fsvg&#039;%20viewBox%3D&#039;0%200%201200%201200&#039;%2F%3E\" class=\"attachment-full size-full preload-me aspect lazy lazy-load\" alt=\"\" sizes=\"(max-width: 1200px) 100vw, 1200px\" style=\"--ratio: 1200 \/ 1200;\" data-src=\"https:\/\/ashbournemedical.ie\/wp-content\/uploads\/2024\/03\/Elvinas-Ashbourne-Medical.jpg\" loading=\"eager\" data-srcset=\"https:\/\/ashbournemedical.ie\/wp-content\/uploads\/2024\/03\/Elvinas-Ashbourne-Medical.jpg 1200w, https:\/\/ashbournemedical.ie\/wp-content\/uploads\/2024\/03\/Elvinas-Ashbourne-Medical-300x300.jpg 300w, https:\/\/ashbournemedical.ie\/wp-content\/uploads\/2024\/03\/Elvinas-Ashbourne-Medical-1024x1024.jpg 1024w, https:\/\/ashbournemedical.ie\/wp-content\/uploads\/2024\/03\/Elvinas-Ashbourne-Medical-150x150.jpg 150w, https:\/\/ashbournemedical.ie\/wp-content\/uploads\/2024\/03\/Elvinas-Ashbourne-Medical-768x768.jpg 768w\" \/><\/a>\n\t\t<\/div>\n\t<\/div>\n\n\n<div class=\"post-entry-content\">\n\n\t<h3 class=\"ele-entry-title\"><a href=\"https:\/\/ashbournemedical.ie\/lt\/meet-the-team\/elvinas-juzikis\/\" rel=\"bookmark\" title=\"Elvinas Juzikis\">Elvinas Juzikis<\/a><\/h3><div class=\"entry-meta\"><span class=\"meta-item category-link\"><span>Dant\u0173 implantai<\/span>, <span>Dant\u0173 protezavimas<\/span><\/span><\/div><a href=\"https:\/\/ashbournemedical.ie\/lt\/meet-the-team\/elvinas-juzikis\/\" target=\"\" aria-label=\"Read more about Elvinas Juzikis\" class=\"box-button elementor-button elementor-size-xs\">Su\u017einok daugiau<\/a>\n<\/div><\/article><\/div><div class=\"visible wf-cell\" data-post-id=\"5582\" data-date=\"2026-02-24T08:13:19+00:00\" data-name=\"Gabriel\u0117 Andrejauskait\u0117\"><article class=\"post visible post-5582 dt_team type-dt_team status-publish has-post-thumbnail hentry dt_team_category-odontologe-lt\" data-name=\"Gabriel\u0117 Andrejauskait\u0117\" data-date=\"2026-02-24T08:13:19+00:00\">\n\n\t<div class=\"post-thumbnail-wrap\">\n\t\t<div class=\"post-thumbnail\">\n\n\t\t\t<a class=\"post-thumbnail-rollover layzr-bg img-css-resize-wrapper\" aria-label=\"Post image\" href=\"https:\/\/ashbournemedical.ie\/lt\/meet-the-team\/gabriele-andrejauskaite\/\"><img decoding=\"async\" width=\"899\" height=\"899\" src=\"data:image\/svg+xml,%3Csvg%20xmlns%3D&#039;http%3A%2F%2Fwww.w3.org%2F2000%2Fsvg&#039;%20viewBox%3D&#039;0%200%20899%20899&#039;%2F%3E\" class=\"attachment-full size-full preload-me aspect lazy lazy-load\" alt=\"\" sizes=\"(max-width: 899px) 100vw, 899px\" style=\"--ratio: 899 \/ 899;\" data-src=\"https:\/\/ashbournemedical.ie\/wp-content\/uploads\/2026\/02\/gabriele-1.jpg\" loading=\"eager\" data-srcset=\"https:\/\/ashbournemedical.ie\/wp-content\/uploads\/2026\/02\/gabriele-1.jpg 899w, https:\/\/ashbournemedical.ie\/wp-content\/uploads\/2026\/02\/gabriele-1-300x300.jpg 300w, https:\/\/ashbournemedical.ie\/wp-content\/uploads\/2026\/02\/gabriele-1-150x150.jpg 150w, https:\/\/ashbournemedical.ie\/wp-content\/uploads\/2026\/02\/gabriele-1-768x768.jpg 768w\" \/><\/a>\n\t\t<\/div>\n\t<\/div>\n\n\n<div class=\"post-entry-content\">\n\n\t<h3 class=\"ele-entry-title\"><a href=\"https:\/\/ashbournemedical.ie\/lt\/meet-the-team\/gabriele-andrejauskaite\/\" rel=\"bookmark\" title=\"Gabriel\u0117 Andrejauskait\u0117\">Gabriel\u0117 Andrejauskait\u0117<\/a><\/h3><div class=\"entry-meta\"><span class=\"meta-item category-link\"><span>Odontolog\u0117<\/span><\/span><\/div><a href=\"https:\/\/ashbournemedical.ie\/lt\/meet-the-team\/gabriele-andrejauskaite\/\" target=\"\" aria-label=\"Read more about Gabriel\u0117 Andrejauskait\u0117\" class=\"box-button elementor-button elementor-size-xs\">Su\u017einok daugiau<\/a>\n<\/div><\/article><\/div><\/div><!-- iso-container|iso-grid --><\/div>\t\t\t\t<\/div>\n\t\t\t\t<\/div>\n\t\t\t\t\t<\/div>\n\t\t\t\t<\/div>\n\t\t\t\t<\/div>\n\t\t","protected":false},"excerpt":{"rendered":"<p>M\u016bs\u0173 komanda Dr. Janusz Banasik OrthodontistSu\u017einok daugiau Dr. Laura Vaitkute Cosmetic DentistSu\u017einok daugiau Dr Migle Kotovaite-Pliaugiene Dentist &#8211; TherapistSu\u017einok daugiau Dr. Jurgis Paulauskas Dental SurgeonSu\u017einok daugiau Greta Samalionyte HygienistSu\u017einok daugiau Dr. Vaidotas Zvikas Prosthetic dentistrySu\u017einok daugiau Dr. Adomas Rovas PeriodontologistSu\u017einok daugiau Dr. Rasa Liaudanskaite GynecologistSu\u017einok daugiau Dr. Linas Rovas Professor GynecologistSu\u017einok daugiau Dr. Gediminas Semeklis&hellip;<\/p>\n","protected":false},"author":3,"featured_media":0,"parent":0,"menu_order":0,"comment_status":"closed","ping_status":"closed","template":"elementor_header_footer","meta":{"footnotes":""},"class_list":["post-605","page","type-page","status-publish","hentry"],"_links":{"self":[{"href":"https:\/\/ashbournemedical.ie\/lt\/wp-json\/wp\/v2\/pages\/605","targetHints":{"allow":["GET"]}}],"collection":[{"href":"https:\/\/ashbournemedical.ie\/lt\/wp-json\/wp\/v2\/pages"}],"about":[{"href":"https:\/\/ashbournemedical.ie\/lt\/wp-json\/wp\/v2\/types\/page"}],"author":[{"embeddable":true,"href":"https:\/\/ashbournemedical.ie\/lt\/wp-json\/wp\/v2\/users\/3"}],"replies":[{"embeddable":true,"href":"https:\/\/ashbournemedical.ie\/lt\/wp-json\/wp\/v2\/comments?post=605"}],"version-history":[{"count":5,"href":"https:\/\/ashbournemedical.ie\/lt\/wp-json\/wp\/v2\/pages\/605\/revisions"}],"predecessor-version":[{"id":4933,"href":"https:\/\/ashbournemedical.ie\/lt\/wp-json\/wp\/v2\/pages\/605\/revisions\/4933"}],"wp:attachment":[{"href":"https:\/\/ashbournemedical.ie\/lt\/wp-json\/wp\/v2\/media?parent=605"}],"curies":[{"name":"wp","href":"https:\/\/api.w.org\/{rel}","templated":true}]}}